{"id":990,"date":"2025-09-10T16:21:06","date_gmt":"2025-09-10T16:21:06","guid":{"rendered":"https:\/\/jeankavanagh.frederiquebenoit.ca\/demos\/"},"modified":"2026-02-27T17:58:53","modified_gmt":"2026-02-27T17:58:53","slug":"demos","status":"publish","type":"page","link":"https:\/\/jeankavanagh.ca\/fr\/demos\/","title":{"rendered":"D\u00e9mos"},"content":{"rendered":"\t\t<div data-elementor-type=\"wp-page\" data-elementor-id=\"990\" class=\"elementor elementor-990 elementor-82\" data-elementor-post-type=\"page\">\n\t\t\t\t<div class=\"elementor-element elementor-element-680c2f9b e-flex e-con-boxed e-con e-parent\" data-id=\"680c2f9b\" data-element_type=\"container\" data-e-type=\"container\">\n\t\t\t\t\t<div class=\"e-con-inner\">\n\t\t<div class=\"elementor-element elementor-element-69101449 e-con-full e-flex e-con e-child\" data-id=\"69101449\" data-element_type=\"container\" data-e-type=\"container\">\n\t\t\t\t<div class=\"elementor-element elementor-element-19ef677c elementor-widget elementor-widget-heading\" data-id=\"19ef677c\" data-element_type=\"widget\" data-e-type=\"widget\" data-widget_type=\"heading.default\">\n\t\t\t\t\t<h1 class=\"elementor-heading-title elementor-size-default\">D\u00e9mos<\/h1>\t\t\t\t<\/div>\n\t\t\t\t<div class=\"elementor-element elementor-element-aa5e349 elementor-widget__width-auto elementor-align-center elementor-widget elementor-widget-button\" data-id=\"aa5e349\" data-element_type=\"widget\" data-e-type=\"widget\" data-widget_type=\"button.default\">\n\t\t\t\t\t\t\t\t\t\t<a class=\"elementor-button elementor-button-link elementor-size-sm elementor-animation-float\" href=\"https:\/\/jeankavanagh.ca\/fr\/projets\/\">\n\t\t\t\t\t\t<span class=\"elementor-button-content-wrapper\">\n\t\t\t\t\t\t\t\t\t<span class=\"elementor-button-text\">Voir tous les projets<\/span>\n\t\t\t\t\t<\/span>\n\t\t\t\t\t<\/a>\n\t\t\t\t\t\t\t\t<\/div>\n\t\t\t\t<\/div>\n\t\t\t\t\t<\/div>\n\t\t\t\t<\/div>\n\t\t<div class=\"elementor-element elementor-element-793b5641 e-flex e-con-boxed e-con e-parent\" data-id=\"793b5641\" data-element_type=\"container\" data-e-type=\"container\">\n\t\t\t\t\t<div class=\"e-con-inner\">\n\t\t\t\t<div class=\"elementor-element elementor-element-fcc889a elementor-widget elementor-widget-heading\" data-id=\"fcc889a\" data-element_type=\"widget\" data-e-type=\"widget\" data-widget_type=\"heading.default\">\n\t\t\t\t\t<h2 class=\"elementor-heading-title elementor-size-default\">D\u00e9mo 2026<\/h2>\t\t\t\t<\/div>\n\t\t\t\t<div class=\"elementor-element elementor-element-538e73f elementor-widget elementor-widget-video\" data-id=\"538e73f\" data-element_type=\"widget\" data-e-type=\"widget\" data-settings=\"{&quot;video_type&quot;:&quot;vimeo&quot;}\" data-widget_type=\"video.default\">\n\t\t\t\t\t\t\t<div class=\"elementor-wrapper elementor-open-inline\">\n\t\t\t<iframe class=\"elementor-video-iframe\" allowfullscreen allow=\"clipboard-write\" title=\"Lecteur vid\u00e9o vimeo\" src=\"https:\/\/player.vimeo.com\/video\/1167858841?color&amp;autopause=0&amp;loop=0&amp;muted=0&amp;title=1&amp;portrait=1&amp;byline=1#t=\"><\/iframe>\t\t<\/div>\n\t\t\t\t\t\t<\/div>\n\t\t\t\t<div class=\"elementor-element elementor-element-c0bb438 elementor-widget elementor-widget-heading\" data-id=\"c0bb438\" data-element_type=\"widget\" data-e-type=\"widget\" data-widget_type=\"heading.default\">\n\t\t\t\t\t<h2 class=\"elementor-heading-title elementor-size-default\">D\u00e9mo 2019<\/h2>\t\t\t\t<\/div>\n\t\t\t\t<div class=\"elementor-element elementor-element-3065b1a elementor-widget elementor-widget-video\" data-id=\"3065b1a\" data-element_type=\"widget\" data-e-type=\"widget\" data-settings=\"{&quot;video_type&quot;:&quot;vimeo&quot;}\" data-widget_type=\"video.default\">\n\t\t\t\t\t\t\t<div class=\"elementor-wrapper elementor-open-inline\">\n\t\t\t<iframe class=\"elementor-video-iframe\" allowfullscreen allow=\"clipboard-write\" title=\"Lecteur vid\u00e9o vimeo\" src=\"https:\/\/player.vimeo.com\/video\/318635603?color&amp;autopause=0&amp;loop=0&amp;muted=0&amp;title=1&amp;portrait=1&amp;byline=1#t=\"><\/iframe>\t\t<\/div>\n\t\t\t\t\t\t<\/div>\n\t\t\t\t<div class=\"elementor-element elementor-element-996c064 elementor-widget elementor-widget-heading\" data-id=\"996c064\" data-element_type=\"widget\" data-e-type=\"widget\" data-widget_type=\"heading.default\">\n\t\t\t\t\t<h2 class=\"elementor-heading-title elementor-size-default\">D\u00e9mo \u00ab Le Scaphandrier \u00bb<\/h2>\t\t\t\t<\/div>\n\t\t\t\t<div class=\"elementor-element elementor-element-cace8ca elementor-widget elementor-widget-video\" data-id=\"cace8ca\" data-element_type=\"widget\" data-e-type=\"widget\" data-settings=\"{&quot;video_type&quot;:&quot;vimeo&quot;}\" data-widget_type=\"video.default\">\n\t\t\t\t\t\t\t<div class=\"elementor-wrapper elementor-open-inline\">\n\t\t\t<iframe class=\"elementor-video-iframe\" allowfullscreen allow=\"clipboard-write\" title=\"Lecteur vid\u00e9o vimeo\" src=\"https:\/\/player.vimeo.com\/video\/116866093?color&amp;autopause=0&amp;loop=0&amp;muted=0&amp;title=1&amp;portrait=1&amp;byline=1#t=\"><\/iframe>\t\t<\/div>\n\t\t\t\t\t\t<\/div>\n\t\t\t\t\t<\/div>\n\t\t\t\t<\/div>\n\t\t\t\t<\/div>\n\t\t","protected":false},"excerpt":{"rendered":"<p>D\u00e9mos Voir tous les projets D\u00e9mo 2026 https:\/\/vimeo.com\/1167858841?share=copy&#038;fl=sv&#038;fe=ci D\u00e9mo 2019 https:\/\/vimeo.com\/318635603?autoplay=1&#038;muted=1&#038;stream_id=Y2xpcHN8MjE5MDI4MTJ8aWQ6ZGVzY3xbXQ%3D%3D D\u00e9mo \u00ab Le Scaphandrier \u00bb https:\/\/vimeo.com\/116866093?autoplay=1&#038;muted=1&#038;stream_id=Y2xpcHN8MjE5MDI4MTJ8aWQ6ZGVzY3xbXQ%3D%3D&#038;turnstile=0.mhGyco4zpEgmk1oRA27Uh-MVhpaGZe-j-FwK2easUPVHsfpbr32Ui10cV6L1Di2KTP0UJPmOE_jRAYPGwdVZdJXGlEk_IYtqYC9-YB6YXxXsojh2SyU70z7NkJcQSSy8oPOlCMRAUjPukOCx6lXCA9aKXsiLFCaNy4OgtrkTBMPStp6iacyUCXB_7dHICIsCr7R4zwagZw6aFk1AF88D_l_yGKxtbm0M0FyJZL-zPCxil87tUEYZOZuxNtQiXzp9aPyd9fja9WV6ZX6OKRZnxS3CskSo66Cl2paOR6j_0Xg1xngCANt8FC9GlHMEcUsgBC8dNmHdTYQLtLZh5Cx4BDl7diJZtR5SuTmWFhbkBpqySriGqNtoMoCB0mAwf7i-Uev_zWSL_QeMH56kx_TbfMPP0Wl5bPT10BWpuDllcyK_C86kv0ZqH7xCgQHuq71ui4QA3EXumbvVMDMbkP4JG1g1gt30382cDop1GgfimHrCxRqxLEw3BQ9-9kfHhsHKzfBo_YIyJ_vv9y9I1cAYw8QHNFzSrp7sY82isSF4b0Oz0V3FA0yBw6yR45Utw7uq01oUw3YNXxL5TdA5gXYXQPezEolyUXvpL57r7ZSGDpY6ABfJgc9W1NA746E97Adlpt1kaR6crGdbHAbGxGGOdwa2tbOhVWl5F1hDuUdc0h4YSjjJTRGv6AboY_rJ162oMIaEHJyX3Hipt3WdA7caNWu5PfhCBqfECGnDqSYe2I5JUdB-uU9I8UvIkNNFyyWzUrGYgY-oB2R3ELX_jwz9yFskYF3GqAmVtc5eOuBZksJEGPO4b37D5vLQUStIz5vOEJwOQurGsarJrytE5WfiAfpgm9D2vfk0-ldn81Bb3ro5baOgHsOTtHxQzy0liUHoChL2mSdfh1JeKjquzdweu9C17cYA91JZl0usDTh0xK4.pGa8DSin9CKDhYaM40AESQ.cf99e19a7a22f40a6292cf0ba8902d9dd4908cd543e75afb5f30754cd344b996<\/p>\n","protected":false},"author":1,"featured_media":0,"parent":0,"menu_order":0,"comment_status":"closed","ping_status":"closed","template":"","meta":{"footnotes":""},"class_list":["post-990","page","type-page","status-publish","hentry"],"yoast_head":"<!-- This site is optimized with the Yoast SEO plugin v27.0 - https:\/\/yoast.com\/product\/yoast-seo-wordpress\/ -->\n<title>D\u00e9mos - Jean Kavanagh<\/title>\n<meta name=\"robots\" content=\"index, follow, max-snippet:-1, max-image-preview:large, max-video-preview:-1\" \/>\n<link rel=\"canonical\" href=\"https:\/\/jeankavanagh.ca\/fr\/demos\/\" \/>\n<meta property=\"og:locale\" content=\"fr_FR\" \/>\n<meta property=\"og:type\" content=\"article\" \/>\n<meta property=\"og:title\" content=\"D\u00e9mos - Jean Kavanagh\" \/>\n<meta property=\"og:description\" content=\"D\u00e9mos Voir tous les projets D\u00e9mo 2026 https:\/\/vimeo.com\/1167858841?share=copy&#038;fl=sv&#038;fe=ci D\u00e9mo 2019 https:\/\/vimeo.com\/318635603?autoplay=1&#038;muted=1&#038;stream_id=Y2xpcHN8MjE5MDI4MTJ8aWQ6ZGVzY3xbXQ%3D%3D D\u00e9mo \u00ab Le Scaphandrier \u00bb https:\/\/vimeo.com\/116866093?autoplay=1&#038;muted=1&#038;stream_id=Y2xpcHN8MjE5MDI4MTJ8aWQ6ZGVzY3xbXQ%3D%3D&#038;turnstile=0.mhGyco4zpEgmk1oRA27Uh-MVhpaGZe-j-FwK2easUPVHsfpbr32Ui10cV6L1Di2KTP0UJPmOE_jRAYPGwdVZdJXGlEk_IYtqYC9-YB6YXxXsojh2SyU70z7NkJcQSSy8oPOlCMRAUjPukOCx6lXCA9aKXsiLFCaNy4OgtrkTBMPStp6iacyUCXB_7dHICIsCr7R4zwagZw6aFk1AF88D_l_yGKxtbm0M0FyJZL-zPCxil87tUEYZOZuxNtQiXzp9aPyd9fja9WV6ZX6OKRZnxS3CskSo66Cl2paOR6j_0Xg1xngCANt8FC9GlHMEcUsgBC8dNmHdTYQLtLZh5Cx4BDl7diJZtR5SuTmWFhbkBpqySriGqNtoMoCB0mAwf7i-Uev_zWSL_QeMH56kx_TbfMPP0Wl5bPT10BWpuDllcyK_C86kv0ZqH7xCgQHuq71ui4QA3EXumbvVMDMbkP4JG1g1gt30382cDop1GgfimHrCxRqxLEw3BQ9-9kfHhsHKzfBo_YIyJ_vv9y9I1cAYw8QHNFzSrp7sY82isSF4b0Oz0V3FA0yBw6yR45Utw7uq01oUw3YNXxL5TdA5gXYXQPezEolyUXvpL57r7ZSGDpY6ABfJgc9W1NA746E97Adlpt1kaR6crGdbHAbGxGGOdwa2tbOhVWl5F1hDuUdc0h4YSjjJTRGv6AboY_rJ162oMIaEHJyX3Hipt3WdA7caNWu5PfhCBqfECGnDqSYe2I5JUdB-uU9I8UvIkNNFyyWzUrGYgY-oB2R3ELX_jwz9yFskYF3GqAmVtc5eOuBZksJEGPO4b37D5vLQUStIz5vOEJwOQurGsarJrytE5WfiAfpgm9D2vfk0-ldn81Bb3ro5baOgHsOTtHxQzy0liUHoChL2mSdfh1JeKjquzdweu9C17cYA91JZl0usDTh0xK4.pGa8DSin9CKDhYaM40AESQ.cf99e19a7a22f40a6292cf0ba8902d9dd4908cd543e75afb5f30754cd344b996\" \/>\n<meta property=\"og:url\" content=\"https:\/\/jeankavanagh.ca\/fr\/demos\/\" \/>\n<meta property=\"og:site_name\" content=\"Jean Kavanagh\" \/>\n<meta property=\"article:modified_time\" content=\"2026-02-27T17:58:53+00:00\" \/>\n<meta name=\"twitter:card\" content=\"summary_large_image\" \/>\n<meta name=\"twitter:label1\" content=\"Dur\u00e9e de lecture estim\u00e9e\" \/>\n\t<meta name=\"twitter:data1\" content=\"1 minute\" \/>\n<script type=\"application\/ld+json\" class=\"yoast-schema-graph\">{\"@context\":\"https:\/\/schema.org\",\"@graph\":[{\"@type\":\"WebPage\",\"@id\":\"https:\/\/jeankavanagh.ca\/fr\/demos\/\",\"url\":\"https:\/\/jeankavanagh.ca\/fr\/demos\/\",\"name\":\"D\u00e9mos - Jean Kavanagh\",\"isPartOf\":{\"@id\":\"https:\/\/jeankavanagh.ca\/fr\/#website\"},\"datePublished\":\"2025-09-10T16:21:06+00:00\",\"dateModified\":\"2026-02-27T17:58:53+00:00\",\"breadcrumb\":{\"@id\":\"https:\/\/jeankavanagh.ca\/fr\/demos\/#breadcrumb\"},\"inLanguage\":\"fr-FR\",\"potentialAction\":[{\"@type\":\"ReadAction\",\"target\":[\"https:\/\/jeankavanagh.ca\/fr\/demos\/\"]}]},{\"@type\":\"BreadcrumbList\",\"@id\":\"https:\/\/jeankavanagh.ca\/fr\/demos\/#breadcrumb\",\"itemListElement\":[{\"@type\":\"ListItem\",\"position\":1,\"name\":\"Home\",\"item\":\"https:\/\/jeankavanagh.ca\/fr\/\"},{\"@type\":\"ListItem\",\"position\":2,\"name\":\"D\u00e9mos\"}]},{\"@type\":\"WebSite\",\"@id\":\"https:\/\/jeankavanagh.ca\/fr\/#website\",\"url\":\"https:\/\/jeankavanagh.ca\/fr\/\",\"name\":\"Jean Kavanagh\",\"description\":\"Cinematographer\",\"publisher\":{\"@id\":\"https:\/\/jeankavanagh.ca\/fr\/#organization\"},\"potentialAction\":[{\"@type\":\"SearchAction\",\"target\":{\"@type\":\"EntryPoint\",\"urlTemplate\":\"https:\/\/jeankavanagh.ca\/fr\/?s={search_term_string}\"},\"query-input\":{\"@type\":\"PropertyValueSpecification\",\"valueRequired\":true,\"valueName\":\"search_term_string\"}}],\"inLanguage\":\"fr-FR\"},{\"@type\":\"Organization\",\"@id\":\"https:\/\/jeankavanagh.ca\/fr\/#organization\",\"name\":\"Jean Kavanagh\",\"url\":\"https:\/\/jeankavanagh.ca\/fr\/\",\"logo\":{\"@type\":\"ImageObject\",\"inLanguage\":\"fr-FR\",\"@id\":\"https:\/\/jeankavanagh.ca\/fr\/#\/schema\/logo\/image\/\",\"url\":\"https:\/\/jeankavanagh.ca\/wp-content\/uploads\/2025\/09\/Jean-Kavanagh-logo-blanc.svg\",\"contentUrl\":\"https:\/\/jeankavanagh.ca\/wp-content\/uploads\/2025\/09\/Jean-Kavanagh-logo-blanc.svg\",\"width\":132,\"height\":26,\"caption\":\"Jean Kavanagh\"},\"image\":{\"@id\":\"https:\/\/jeankavanagh.ca\/fr\/#\/schema\/logo\/image\/\"}}]}<\/script>\n<!-- \/ Yoast SEO plugin. -->","yoast_head_json":{"title":"D\u00e9mos - Jean Kavanagh","robots":{"index":"index","follow":"follow","max-snippet":"max-snippet:-1","max-image-preview":"max-image-preview:large","max-video-preview":"max-video-preview:-1"},"canonical":"https:\/\/jeankavanagh.ca\/fr\/demos\/","og_locale":"fr_FR","og_type":"article","og_title":"D\u00e9mos - Jean Kavanagh","og_description":"D\u00e9mos Voir tous les projets D\u00e9mo 2026 https:\/\/vimeo.com\/1167858841?share=copy&#038;fl=sv&#038;fe=ci D\u00e9mo 2019 https:\/\/vimeo.com\/318635603?autoplay=1&#038;muted=1&#038;stream_id=Y2xpcHN8MjE5MDI4MTJ8aWQ6ZGVzY3xbXQ%3D%3D D\u00e9mo \u00ab Le Scaphandrier \u00bb https:\/\/vimeo.com\/116866093?autoplay=1&#038;muted=1&#038;stream_id=Y2xpcHN8MjE5MDI4MTJ8aWQ6ZGVzY3xbXQ%3D%3D&#038;turnstile=0.mhGyco4zpEgmk1oRA27Uh-MVhpaGZe-j-FwK2easUPVHsfpbr32Ui10cV6L1Di2KTP0UJPmOE_jRAYPGwdVZdJXGlEk_IYtqYC9-YB6YXxXsojh2SyU70z7NkJcQSSy8oPOlCMRAUjPukOCx6lXCA9aKXsiLFCaNy4OgtrkTBMPStp6iacyUCXB_7dHICIsCr7R4zwagZw6aFk1AF88D_l_yGKxtbm0M0FyJZL-zPCxil87tUEYZOZuxNtQiXzp9aPyd9fja9WV6ZX6OKRZnxS3CskSo66Cl2paOR6j_0Xg1xngCANt8FC9GlHMEcUsgBC8dNmHdTYQLtLZh5Cx4BDl7diJZtR5SuTmWFhbkBpqySriGqNtoMoCB0mAwf7i-Uev_zWSL_QeMH56kx_TbfMPP0Wl5bPT10BWpuDllcyK_C86kv0ZqH7xCgQHuq71ui4QA3EXumbvVMDMbkP4JG1g1gt30382cDop1GgfimHrCxRqxLEw3BQ9-9kfHhsHKzfBo_YIyJ_vv9y9I1cAYw8QHNFzSrp7sY82isSF4b0Oz0V3FA0yBw6yR45Utw7uq01oUw3YNXxL5TdA5gXYXQPezEolyUXvpL57r7ZSGDpY6ABfJgc9W1NA746E97Adlpt1kaR6crGdbHAbGxGGOdwa2tbOhVWl5F1hDuUdc0h4YSjjJTRGv6AboY_rJ162oMIaEHJyX3Hipt3WdA7caNWu5PfhCBqfECGnDqSYe2I5JUdB-uU9I8UvIkNNFyyWzUrGYgY-oB2R3ELX_jwz9yFskYF3GqAmVtc5eOuBZksJEGPO4b37D5vLQUStIz5vOEJwOQurGsarJrytE5WfiAfpgm9D2vfk0-ldn81Bb3ro5baOgHsOTtHxQzy0liUHoChL2mSdfh1JeKjquzdweu9C17cYA91JZl0usDTh0xK4.pGa8DSin9CKDhYaM40AESQ.cf99e19a7a22f40a6292cf0ba8902d9dd4908cd543e75afb5f30754cd344b996","og_url":"https:\/\/jeankavanagh.ca\/fr\/demos\/","og_site_name":"Jean Kavanagh","article_modified_time":"2026-02-27T17:58:53+00:00","twitter_card":"summary_large_image","twitter_misc":{"Dur\u00e9e de lecture estim\u00e9e":"1 minute"},"schema":{"@context":"https:\/\/schema.org","@graph":[{"@type":"WebPage","@id":"https:\/\/jeankavanagh.ca\/fr\/demos\/","url":"https:\/\/jeankavanagh.ca\/fr\/demos\/","name":"D\u00e9mos - Jean Kavanagh","isPartOf":{"@id":"https:\/\/jeankavanagh.ca\/fr\/#website"},"datePublished":"2025-09-10T16:21:06+00:00","dateModified":"2026-02-27T17:58:53+00:00","breadcrumb":{"@id":"https:\/\/jeankavanagh.ca\/fr\/demos\/#breadcrumb"},"inLanguage":"fr-FR","potentialAction":[{"@type":"ReadAction","target":["https:\/\/jeankavanagh.ca\/fr\/demos\/"]}]},{"@type":"BreadcrumbList","@id":"https:\/\/jeankavanagh.ca\/fr\/demos\/#breadcrumb","itemListElement":[{"@type":"ListItem","position":1,"name":"Home","item":"https:\/\/jeankavanagh.ca\/fr\/"},{"@type":"ListItem","position":2,"name":"D\u00e9mos"}]},{"@type":"WebSite","@id":"https:\/\/jeankavanagh.ca\/fr\/#website","url":"https:\/\/jeankavanagh.ca\/fr\/","name":"Jean Kavanagh","description":"Cinematographer","publisher":{"@id":"https:\/\/jeankavanagh.ca\/fr\/#organization"},"potentialAction":[{"@type":"SearchAction","target":{"@type":"EntryPoint","urlTemplate":"https:\/\/jeankavanagh.ca\/fr\/?s={search_term_string}"},"query-input":{"@type":"PropertyValueSpecification","valueRequired":true,"valueName":"search_term_string"}}],"inLanguage":"fr-FR"},{"@type":"Organization","@id":"https:\/\/jeankavanagh.ca\/fr\/#organization","name":"Jean Kavanagh","url":"https:\/\/jeankavanagh.ca\/fr\/","logo":{"@type":"ImageObject","inLanguage":"fr-FR","@id":"https:\/\/jeankavanagh.ca\/fr\/#\/schema\/logo\/image\/","url":"https:\/\/jeankavanagh.ca\/wp-content\/uploads\/2025\/09\/Jean-Kavanagh-logo-blanc.svg","contentUrl":"https:\/\/jeankavanagh.ca\/wp-content\/uploads\/2025\/09\/Jean-Kavanagh-logo-blanc.svg","width":132,"height":26,"caption":"Jean Kavanagh"},"image":{"@id":"https:\/\/jeankavanagh.ca\/fr\/#\/schema\/logo\/image\/"}}]}},"_links":{"self":[{"href":"https:\/\/jeankavanagh.ca\/fr\/wp-json\/wp\/v2\/pages\/990","targetHints":{"allow":["GET"]}}],"collection":[{"href":"https:\/\/jeankavanagh.ca\/fr\/wp-json\/wp\/v2\/pages"}],"about":[{"href":"https:\/\/jeankavanagh.ca\/fr\/wp-json\/wp\/v2\/types\/page"}],"author":[{"embeddable":true,"href":"https:\/\/jeankavanagh.ca\/fr\/wp-json\/wp\/v2\/users\/1"}],"replies":[{"embeddable":true,"href":"https:\/\/jeankavanagh.ca\/fr\/wp-json\/wp\/v2\/comments?post=990"}],"version-history":[{"count":14,"href":"https:\/\/jeankavanagh.ca\/fr\/wp-json\/wp\/v2\/pages\/990\/revisions"}],"predecessor-version":[{"id":1661,"href":"https:\/\/jeankavanagh.ca\/fr\/wp-json\/wp\/v2\/pages\/990\/revisions\/1661"}],"wp:attachment":[{"href":"https:\/\/jeankavanagh.ca\/fr\/wp-json\/wp\/v2\/media?parent=990"}],"curies":[{"name":"wp","href":"https:\/\/api.w.org\/{rel}","templated":true}]}}