{"id":1098,"date":"2025-09-10T20:51:57","date_gmt":"2025-09-10T20:51:57","guid":{"rendered":"https:\/\/jeankavanagh.frederiquebenoit.ca\/contact\/"},"modified":"2025-10-06T15:09:34","modified_gmt":"2025-10-06T15:09:34","slug":"contact","status":"publish","type":"page","link":"https:\/\/jeankavanagh.ca\/fr\/contact\/","title":{"rendered":"Contact"},"content":{"rendered":"\t\t<div data-elementor-type=\"wp-page\" data-elementor-id=\"1098\" class=\"elementor elementor-1098 elementor-90\" data-elementor-post-type=\"page\">\n\t\t\t\t<div class=\"elementor-element elementor-element-f8f3551 e-flex e-con-boxed e-con e-parent\" data-id=\"f8f3551\" data-element_type=\"container\" data-e-type=\"container\">\n\t\t\t\t\t<div class=\"e-con-inner\">\n\t\t<div class=\"elementor-element elementor-element-4bdcaf14 e-con-full e-flex e-con e-child\" data-id=\"4bdcaf14\" data-element_type=\"container\" data-e-type=\"container\">\n\t\t\t\t<div class=\"elementor-element elementor-element-40a0a065 elementor-widget elementor-widget-heading\" data-id=\"40a0a065\" data-element_type=\"widget\" data-e-type=\"widget\" data-widget_type=\"heading.default\">\n\t\t\t\t\t<h1 class=\"elementor-heading-title elementor-size-default\">Contact<\/h1>\t\t\t\t<\/div>\n\t\t\t\t<\/div>\n\t\t\t\t\t<\/div>\n\t\t\t\t<\/div>\n\t\t<div class=\"elementor-element elementor-element-2d8097e e-flex e-con-boxed e-con e-parent\" data-id=\"2d8097e\" data-element_type=\"container\" data-e-type=\"container\" data-settings=\"{&quot;background_background&quot;:&quot;classic&quot;}\">\n\t\t\t\t\t<div class=\"e-con-inner\">\n\t\t<div class=\"elementor-element elementor-element-66bc2e14 e-flex e-con-boxed e-con e-child\" data-id=\"66bc2e14\" data-element_type=\"container\" data-e-type=\"container\">\n\t\t\t\t\t<div class=\"e-con-inner\">\n\t\t\t\t<div class=\"elementor-element elementor-element-40b6ee7c elementor-button-align-stretch elementor-widget elementor-widget-form\" data-id=\"40b6ee7c\" data-element_type=\"widget\" data-e-type=\"widget\" data-settings=\"{&quot;step_next_label&quot;:&quot;Suivant&quot;,&quot;step_previous_label&quot;:&quot;Pr\\u00e9c\\u00e9dent&quot;,&quot;button_width&quot;:&quot;100&quot;,&quot;step_type&quot;:&quot;number_text&quot;,&quot;step_icon_shape&quot;:&quot;circle&quot;}\" data-widget_type=\"form.default\">\n\t\t\t\t\t\t\t<form class=\"elementor-form\" method=\"post\" name=\"Nouveau formulaire\" aria-label=\"Nouveau formulaire\">\n\t\t\t<input type=\"hidden\" name=\"post_id\" value=\"1098\"\/>\n\t\t\t<input type=\"hidden\" name=\"form_id\" value=\"40b6ee7c\"\/>\n\t\t\t<input type=\"hidden\" name=\"referer_title\" value=\"Contact - Jean Kavanagh\" \/>\n\n\t\t\t\t\t\t\t<input type=\"hidden\" name=\"queried_id\" value=\"1098\"\/>\n\t\t\t\n\t\t\t<div class=\"elementor-form-fields-wrapper elementor-labels-above\">\n\t\t\t\t\t\t\t\t<div class=\"elementor-field-type-text elementor-field-group elementor-column elementor-field-group-name elementor-col-100 elementor-field-required\">\n\t\t\t\t\t\t\t\t\t\t\t\t\t<input size=\"1\" type=\"text\" name=\"form_fields[name]\" id=\"form-field-name\" class=\"elementor-field elementor-size-sm  elementor-field-textual\" placeholder=\"Nom\" required=\"required\">\n\t\t\t\t\t\t\t\t\t\t\t<\/div>\n\t\t\t\t\t\t\t\t<div class=\"elementor-field-type-email elementor-field-group elementor-column elementor-field-group-email elementor-col-100 elementor-field-required\">\n\t\t\t\t\t\t\t\t\t\t\t\t\t<input size=\"1\" type=\"email\" name=\"form_fields[email]\" id=\"form-field-email\" class=\"elementor-field elementor-size-sm  elementor-field-textual\" placeholder=\"Courriel\" required=\"required\">\n\t\t\t\t\t\t\t\t\t\t\t<\/div>\n\t\t\t\t\t\t\t\t<div class=\"elementor-field-type-tel elementor-field-group elementor-column elementor-field-group-field_22218d7 elementor-col-100 elementor-field-required\">\n\t\t\t\t\t\t\t<input size=\"1\" type=\"tel\" name=\"form_fields[field_22218d7]\" id=\"form-field-field_22218d7\" class=\"elementor-field elementor-size-sm  elementor-field-textual\" placeholder=\"T\u00e9l\u00e9phone\" required=\"required\" pattern=\"[0-9()#&amp;+*-=.]+\" title=\"Seuls les caract\u00e8res de num\u00e9ros de t\u00e9l\u00e9phone (#, -, *, etc.) sont accept\u00e9s.\">\n\n\t\t\t\t\t\t<\/div>\n\t\t\t\t\t\t\t\t<div class=\"elementor-field-type-textarea elementor-field-group elementor-column elementor-field-group-message elementor-col-100\">\n\t\t\t\t\t<textarea class=\"elementor-field-textual elementor-field  elementor-size-sm\" name=\"form_fields[message]\" id=\"form-field-message\" rows=\"4\" placeholder=\"Message\"><\/textarea>\t\t\t\t<\/div>\n\t\t\t\t\t\t\t\t<div class=\"elementor-field-group elementor-column elementor-field-type-submit elementor-col-100 e-form__buttons\">\n\t\t\t\t\t<button class=\"elementor-button elementor-size-sm\" type=\"submit\">\n\t\t\t\t\t\t<span class=\"elementor-button-content-wrapper\">\n\t\t\t\t\t\t\t\t\t\t\t\t\t\t\t\t\t\t\t\t\t\t<span class=\"elementor-button-text\">Envoyer<\/span>\n\t\t\t\t\t\t\t\t\t\t\t\t\t<\/span>\n\t\t\t\t\t<\/button>\n\t\t\t\t<\/div>\n\t\t\t<\/div>\n\t\t<\/form>\n\t\t\t\t\t\t<\/div>\n\t\t\t\t\t<\/div>\n\t\t\t\t<\/div>\n\t\t<div class=\"elementor-element elementor-element-647e5678 e-con-full e-flex e-con e-child\" data-id=\"647e5678\" data-element_type=\"container\" data-e-type=\"container\">\n\t\t\t\t<div class=\"elementor-element elementor-element-70d705ce elementor-widget elementor-widget-heading\" data-id=\"70d705ce\" data-element_type=\"widget\" data-e-type=\"widget\" data-widget_type=\"heading.default\">\n\t\t\t\t\t<h2 class=\"elementor-heading-title elementor-size-default\">Demander un retour d'appel<\/h2>\t\t\t\t<\/div>\n\t\t\t\t<div class=\"elementor-element elementor-element-259e7a5a elementor-widget elementor-widget-text-editor\" data-id=\"259e7a5a\" data-element_type=\"widget\" data-e-type=\"widget\" data-widget_type=\"text-editor.default\">\n\t\t\t\t\t\t\t\t\t<p>Vous d\u00e9sirez discuter de votre prochain projet ou simplement poser une question? Remplissez le formulaire ci-dessous et je vous contacterai personnellement dans les plus brefs d\u00e9lais.<\/p><p>Au plaisir de collaborer avec vous!<\/p>\t\t\t\t\t\t\t\t<\/div>\n\t\t<div class=\"elementor-element elementor-element-7fb1cf07 e-con-full e-flex e-con e-child\" data-id=\"7fb1cf07\" data-element_type=\"container\" data-e-type=\"container\">\n\t\t\t\t<div class=\"elementor-element elementor-element-21f362ab elementor-icon-list--layout-traditional elementor-list-item-link-full_width elementor-widget elementor-widget-icon-list\" data-id=\"21f362ab\" data-element_type=\"widget\" data-e-type=\"widget\" data-widget_type=\"icon-list.default\">\n\t\t\t\t\t\t\t<ul class=\"elementor-icon-list-items\">\n\t\t\t\t\t\t\t<li class=\"elementor-icon-list-item\">\n\t\t\t\t\t\t\t\t\t\t\t<a href=\"tel:+15147155394\">\n\n\t\t\t\t\t\t\t\t\t\t\t\t<span class=\"elementor-icon-list-icon\">\n\t\t\t\t\t\t\t<svg aria-hidden=\"true\" class=\"e-font-icon-svg e-fas-phone-alt\" viewBox=\"0 0 512 512\" xmlns=\"http:\/\/www.w3.org\/2000\/svg\"><path d=\"M497.39 361.8l-112-48a24 24 0 0 0-28 6.9l-49.6 60.6A370.66 370.66 0 0 1 130.6 204.11l60.6-49.6a23.94 23.94 0 0 0 6.9-28l-48-112A24.16 24.16 0 0 0 122.6.61l-104 24A24 24 0 0 0 0 48c0 256.5 207.9 464 464 464a24 24 0 0 0 23.4-18.6l24-104a24.29 24.29 0 0 0-14.01-27.6z\"><\/path><\/svg>\t\t\t\t\t\t<\/span>\n\t\t\t\t\t\t\t\t\t\t<span class=\"elementor-icon-list-text\">(514) 715-5394<\/span>\n\t\t\t\t\t\t\t\t\t\t\t<\/a>\n\t\t\t\t\t\t\t\t\t<\/li>\n\t\t\t\t\t\t\t\t<li class=\"elementor-icon-list-item\">\n\t\t\t\t\t\t\t\t\t\t\t<a href=\"mailto:jeankavanaghdop@gmail.com\">\n\n\t\t\t\t\t\t\t\t\t\t\t\t<span class=\"elementor-icon-list-icon\">\n\t\t\t\t\t\t\t<svg aria-hidden=\"true\" class=\"e-font-icon-svg e-fas-envelope\" viewBox=\"0 0 512 512\" xmlns=\"http:\/\/www.w3.org\/2000\/svg\"><path d=\"M502.3 190.8c3.9-3.1 9.7-.2 9.7 4.7V400c0 26.5-21.5 48-48 48H48c-26.5 0-48-21.5-48-48V195.6c0-5 5.7-7.8 9.7-4.7 22.4 17.4 52.1 39.5 154.1 113.6 21.1 15.4 56.7 47.8 92.2 47.6 35.7.3 72-32.8 92.3-47.6 102-74.1 131.6-96.3 154-113.7zM256 320c23.2.4 56.6-29.2 73.4-41.4 132.7-96.3 142.8-104.7 173.4-128.7 5.8-4.5 9.2-11.5 9.2-18.9v-19c0-26.5-21.5-48-48-48H48C21.5 64 0 85.5 0 112v19c0 7.4 3.4 14.3 9.2 18.9 30.6 23.9 40.7 32.4 173.4 128.7 16.8 12.2 50.2 41.8 73.4 41.4z\"><\/path><\/svg>\t\t\t\t\t\t<\/span>\n\t\t\t\t\t\t\t\t\t\t<span class=\"elementor-icon-list-text\">jeankavanaghdop@gmail.com<\/span>\n\t\t\t\t\t\t\t\t\t\t\t<\/a>\n\t\t\t\t\t\t\t\t\t<\/li>\n\t\t\t\t\t\t<\/ul>\n\t\t\t\t\t\t<\/div>\n\t\t\t\t<\/div>\n\t\t\t\t<\/div>\n\t\t\t\t\t<\/div>\n\t\t\t\t<\/div>\n\t\t\t\t<\/div>\n\t\t","protected":false},"excerpt":{"rendered":"<p>Contact Demander un retour d&rsquo;appel Vous d\u00e9sirez discuter de votre prochain projet ou simplement poser une question? Remplissez le formulaire ci-dessous et je vous contacterai personnellement dans les plus brefs d\u00e9lais. Au plaisir de collaborer avec vous! (514) 715-5394 jeankavanaghdop@gmail.com<\/p>\n","protected":false},"author":1,"featured_media":0,"parent":0,"menu_order":0,"comment_status":"closed","ping_status":"closed","template":"","meta":{"footnotes":""},"class_list":["post-1098","page","type-page","status-publish","hentry"],"yoast_head":"<!-- This site is optimized with the Yoast SEO plugin v27.0 - https:\/\/yoast.com\/product\/yoast-seo-wordpress\/ -->\n<title>Contact - Jean Kavanagh<\/title>\n<meta name=\"robots\" content=\"index, follow, max-snippet:-1, max-image-preview:large, max-video-preview:-1\" \/>\n<link rel=\"canonical\" href=\"https:\/\/jeankavanagh.ca\/fr\/contact\/\" \/>\n<meta property=\"og:locale\" content=\"fr_FR\" \/>\n<meta property=\"og:type\" content=\"article\" \/>\n<meta property=\"og:title\" content=\"Contact - Jean Kavanagh\" \/>\n<meta property=\"og:description\" content=\"Contact Demander un retour d&rsquo;appel Vous d\u00e9sirez discuter de votre prochain projet ou simplement poser une question? Remplissez le formulaire ci-dessous et je vous contacterai personnellement dans les plus brefs d\u00e9lais. Au plaisir de collaborer avec vous! (514) 715-5394 jeankavanaghdop@gmail.com\" \/>\n<meta property=\"og:url\" content=\"https:\/\/jeankavanagh.ca\/fr\/contact\/\" \/>\n<meta property=\"og:site_name\" content=\"Jean Kavanagh\" \/>\n<meta property=\"article:modified_time\" content=\"2025-10-06T15:09:34+00:00\" \/>\n<meta name=\"twitter:card\" content=\"summary_large_image\" \/>\n<meta name=\"twitter:label1\" content=\"Dur\u00e9e de lecture estim\u00e9e\" \/>\n\t<meta name=\"twitter:data1\" content=\"1 minute\" \/>\n<script type=\"application\/ld+json\" class=\"yoast-schema-graph\">{\"@context\":\"https:\/\/schema.org\",\"@graph\":[{\"@type\":\"WebPage\",\"@id\":\"https:\/\/jeankavanagh.ca\/fr\/contact\/\",\"url\":\"https:\/\/jeankavanagh.ca\/fr\/contact\/\",\"name\":\"Contact - Jean Kavanagh\",\"isPartOf\":{\"@id\":\"https:\/\/jeankavanagh.ca\/fr\/#website\"},\"datePublished\":\"2025-09-10T20:51:57+00:00\",\"dateModified\":\"2025-10-06T15:09:34+00:00\",\"breadcrumb\":{\"@id\":\"https:\/\/jeankavanagh.ca\/fr\/contact\/#breadcrumb\"},\"inLanguage\":\"fr-FR\",\"potentialAction\":[{\"@type\":\"ReadAction\",\"target\":[\"https:\/\/jeankavanagh.ca\/fr\/contact\/\"]}]},{\"@type\":\"BreadcrumbList\",\"@id\":\"https:\/\/jeankavanagh.ca\/fr\/contact\/#breadcrumb\",\"itemListElement\":[{\"@type\":\"ListItem\",\"position\":1,\"name\":\"Home\",\"item\":\"https:\/\/jeankavanagh.ca\/fr\/\"},{\"@type\":\"ListItem\",\"position\":2,\"name\":\"Contact\"}]},{\"@type\":\"WebSite\",\"@id\":\"https:\/\/jeankavanagh.ca\/fr\/#website\",\"url\":\"https:\/\/jeankavanagh.ca\/fr\/\",\"name\":\"Jean Kavanagh\",\"description\":\"Cinematographer\",\"publisher\":{\"@id\":\"https:\/\/jeankavanagh.ca\/fr\/#organization\"},\"potentialAction\":[{\"@type\":\"SearchAction\",\"target\":{\"@type\":\"EntryPoint\",\"urlTemplate\":\"https:\/\/jeankavanagh.ca\/fr\/?s={search_term_string}\"},\"query-input\":{\"@type\":\"PropertyValueSpecification\",\"valueRequired\":true,\"valueName\":\"search_term_string\"}}],\"inLanguage\":\"fr-FR\"},{\"@type\":\"Organization\",\"@id\":\"https:\/\/jeankavanagh.ca\/fr\/#organization\",\"name\":\"Jean Kavanagh\",\"url\":\"https:\/\/jeankavanagh.ca\/fr\/\",\"logo\":{\"@type\":\"ImageObject\",\"inLanguage\":\"fr-FR\",\"@id\":\"https:\/\/jeankavanagh.ca\/fr\/#\/schema\/logo\/image\/\",\"url\":\"https:\/\/jeankavanagh.ca\/wp-content\/uploads\/2025\/09\/Jean-Kavanagh-logo-blanc.svg\",\"contentUrl\":\"https:\/\/jeankavanagh.ca\/wp-content\/uploads\/2025\/09\/Jean-Kavanagh-logo-blanc.svg\",\"width\":132,\"height\":26,\"caption\":\"Jean Kavanagh\"},\"image\":{\"@id\":\"https:\/\/jeankavanagh.ca\/fr\/#\/schema\/logo\/image\/\"}}]}<\/script>\n<!-- \/ Yoast SEO plugin. -->","yoast_head_json":{"title":"Contact - Jean Kavanagh","robots":{"index":"index","follow":"follow","max-snippet":"max-snippet:-1","max-image-preview":"max-image-preview:large","max-video-preview":"max-video-preview:-1"},"canonical":"https:\/\/jeankavanagh.ca\/fr\/contact\/","og_locale":"fr_FR","og_type":"article","og_title":"Contact - Jean Kavanagh","og_description":"Contact Demander un retour d&rsquo;appel Vous d\u00e9sirez discuter de votre prochain projet ou simplement poser une question? Remplissez le formulaire ci-dessous et je vous contacterai personnellement dans les plus brefs d\u00e9lais. Au plaisir de collaborer avec vous! (514) 715-5394 jeankavanaghdop@gmail.com","og_url":"https:\/\/jeankavanagh.ca\/fr\/contact\/","og_site_name":"Jean Kavanagh","article_modified_time":"2025-10-06T15:09:34+00:00","twitter_card":"summary_large_image","twitter_misc":{"Dur\u00e9e de lecture estim\u00e9e":"1 minute"},"schema":{"@context":"https:\/\/schema.org","@graph":[{"@type":"WebPage","@id":"https:\/\/jeankavanagh.ca\/fr\/contact\/","url":"https:\/\/jeankavanagh.ca\/fr\/contact\/","name":"Contact - Jean Kavanagh","isPartOf":{"@id":"https:\/\/jeankavanagh.ca\/fr\/#website"},"datePublished":"2025-09-10T20:51:57+00:00","dateModified":"2025-10-06T15:09:34+00:00","breadcrumb":{"@id":"https:\/\/jeankavanagh.ca\/fr\/contact\/#breadcrumb"},"inLanguage":"fr-FR","potentialAction":[{"@type":"ReadAction","target":["https:\/\/jeankavanagh.ca\/fr\/contact\/"]}]},{"@type":"BreadcrumbList","@id":"https:\/\/jeankavanagh.ca\/fr\/contact\/#breadcrumb","itemListElement":[{"@type":"ListItem","position":1,"name":"Home","item":"https:\/\/jeankavanagh.ca\/fr\/"},{"@type":"ListItem","position":2,"name":"Contact"}]},{"@type":"WebSite","@id":"https:\/\/jeankavanagh.ca\/fr\/#website","url":"https:\/\/jeankavanagh.ca\/fr\/","name":"Jean Kavanagh","description":"Cinematographer","publisher":{"@id":"https:\/\/jeankavanagh.ca\/fr\/#organization"},"potentialAction":[{"@type":"SearchAction","target":{"@type":"EntryPoint","urlTemplate":"https:\/\/jeankavanagh.ca\/fr\/?s={search_term_string}"},"query-input":{"@type":"PropertyValueSpecification","valueRequired":true,"valueName":"search_term_string"}}],"inLanguage":"fr-FR"},{"@type":"Organization","@id":"https:\/\/jeankavanagh.ca\/fr\/#organization","name":"Jean Kavanagh","url":"https:\/\/jeankavanagh.ca\/fr\/","logo":{"@type":"ImageObject","inLanguage":"fr-FR","@id":"https:\/\/jeankavanagh.ca\/fr\/#\/schema\/logo\/image\/","url":"https:\/\/jeankavanagh.ca\/wp-content\/uploads\/2025\/09\/Jean-Kavanagh-logo-blanc.svg","contentUrl":"https:\/\/jeankavanagh.ca\/wp-content\/uploads\/2025\/09\/Jean-Kavanagh-logo-blanc.svg","width":132,"height":26,"caption":"Jean Kavanagh"},"image":{"@id":"https:\/\/jeankavanagh.ca\/fr\/#\/schema\/logo\/image\/"}}]}},"_links":{"self":[{"href":"https:\/\/jeankavanagh.ca\/fr\/wp-json\/wp\/v2\/pages\/1098","targetHints":{"allow":["GET"]}}],"collection":[{"href":"https:\/\/jeankavanagh.ca\/fr\/wp-json\/wp\/v2\/pages"}],"about":[{"href":"https:\/\/jeankavanagh.ca\/fr\/wp-json\/wp\/v2\/types\/page"}],"author":[{"embeddable":true,"href":"https:\/\/jeankavanagh.ca\/fr\/wp-json\/wp\/v2\/users\/1"}],"replies":[{"embeddable":true,"href":"https:\/\/jeankavanagh.ca\/fr\/wp-json\/wp\/v2\/comments?post=1098"}],"version-history":[{"count":10,"href":"https:\/\/jeankavanagh.ca\/fr\/wp-json\/wp\/v2\/pages\/1098\/revisions"}],"predecessor-version":[{"id":1405,"href":"https:\/\/jeankavanagh.ca\/fr\/wp-json\/wp\/v2\/pages\/1098\/revisions\/1405"}],"wp:attachment":[{"href":"https:\/\/jeankavanagh.ca\/fr\/wp-json\/wp\/v2\/media?parent=1098"}],"curies":[{"name":"wp","href":"https:\/\/api.w.org\/{rel}","templated":true}]}}